{"id":844,"date":"2025-01-29T08:55:22","date_gmt":"2025-01-29T08:55:22","guid":{"rendered":"https:\/\/bttf-tt.de\/?page_id=844"},"modified":"2025-01-29T08:55:22","modified_gmt":"2025-01-29T08:55:22","slug":"training-zeiten-und-konzept","status":"publish","type":"page","link":"http:\/\/bttf-tt.de\/?page_id=844","title":{"rendered":"Training Zeiten und Konzept"},"content":{"rendered":"\n<p><strong>Tischtennistraining f\u00fcr alle \u2013 von Anf\u00e4nger bis ambitionierten Spieler<\/strong><\/p>\n\n\n\n<p>Egal, ob du Tischtennis gerade erst f\u00fcr dich entdeckst oder bereits ambitioniert trainierst \u2013 bei uns findest du die passende Trainingsgruppe! Wir bieten <strong>dreimal pro Woche Training<\/strong> in unterschiedlichen Formen an, sodass f\u00fcr jeden die richtige Herausforderung dabei ist.<\/p>\n\n\n\n<p>&#x1f3af; <strong>Anf\u00e4nger &amp; Freizeitspieler<\/strong><br>Hier steht der Spa\u00df im Vordergrund! In lockerer Atmosph\u00e4re lernst du die Grundlagen des Spiels, verbesserst deine Technik und kannst dich mit anderen austauschen.<\/p>\n\n\n\n<p>&#x1f3d3; <strong>Fortgeschrittene &amp; ambitionierte Spieler<\/strong><br>F\u00fcr alle, die ihr Spiel gezielt verbessern m\u00f6chten, gibt es anspruchsvollere Trainingseinheiten mit taktischen \u00dcbungen, Technikschulung und Matchpraxis.<\/p>\n\n\n\n<p>Unsere <strong>erfahrenen Trainer<\/strong> sorgen f\u00fcr ein abwechslungsreiches Programm, in dem <strong>jeder willkommen ist<\/strong> \u2013 egal ob jung oder alt. Komm vorbei und erlebe, wie viel Spa\u00df Tischtennis machen kann!<\/p>\n","protected":false},"excerpt":{"rendered":"<p>Tischtennistraining f\u00fcr alle \u2013 von Anf\u00e4nger bis ambitionierten Spieler Egal, ob du Tischtennis gerade erst f\u00fcr dich entdeckst oder bereits ambitioniert trainierst \u2013 bei uns findest du die passende Trainingsgruppe! Wir bieten dreimal pro Woche Training in unterschiedlichen Formen an, sodass f\u00fcr jeden die richtige Herausforderung dabei ist. &#x1f3af; Anf\u00e4nger &amp; FreizeitspielerHier steht der Spa\u00df &hellip; <\/p>\n<p class=\"link-more\"><a href=\"http:\/\/bttf-tt.de\/?page_id=844\" class=\"more-link\"><span class=\"screen-reader-text\">&#8220;Training Zeiten und Konzept&#8221;<\/span> weiterlesen<\/a><\/p>\n","protected":false},"author":1,"featured_media":0,"parent":0,"menu_order":0,"comment_status":"closed","ping_status":"closed","template":"","meta":{"footnotes":""},"class_list":["post-844","page","type-page","status-publish","hentry"],"_links":{"self":[{"href":"http:\/\/bttf-tt.de\/index.php?rest_route=\/wp\/v2\/pages\/844"}],"collection":[{"href":"http:\/\/bttf-tt.de\/index.php?rest_route=\/wp\/v2\/pages"}],"about":[{"href":"http:\/\/bttf-tt.de\/index.php?rest_route=\/wp\/v2\/types\/page"}],"author":[{"embeddable":true,"href":"http:\/\/bttf-tt.de\/index.php?rest_route=\/wp\/v2\/users\/1"}],"replies":[{"embeddable":true,"href":"http:\/\/bttf-tt.de\/index.php?rest_route=%2Fwp%2Fv2%2Fcomments&post=844"}],"version-history":[{"count":1,"href":"http:\/\/bttf-tt.de\/index.php?rest_route=\/wp\/v2\/pages\/844\/revisions"}],"predecessor-version":[{"id":845,"href":"http:\/\/bttf-tt.de\/index.php?rest_route=\/wp\/v2\/pages\/844\/revisions\/845"}],"wp:attachment":[{"href":"http:\/\/bttf-tt.de\/index.php?rest_route=%2Fwp%2Fv2%2Fmedia&parent=844"}],"curies":[{"name":"wp","href":"https:\/\/api.w.org\/{rel}","templated":true}]}}