{"id":2,"date":"2016-05-10T03:48:21","date_gmt":"2016-05-10T03:48:21","guid":{"rendered":"http:\/\/vanlange.de\/?page_id=2"},"modified":"2025-06-09T12:53:51","modified_gmt":"2025-06-09T12:53:51","slug":"sample-page","status":"publish","type":"page","link":"https:\/\/bttf-tt.de\/","title":{"rendered":"Willkommen"},"content":{"rendered":"<h3 data-start=\"159\" data-end=\"227\"><strong data-start=\"163\" data-end=\"227\">Mit 13 Teams in die neue Saison \u2013 BTTF stellt sich stark auf<\/strong><\/h3>\n<p data-start=\"229\" data-end=\"513\">Die Bickenalbtaler Tischtennisfreunde (BTTF) gehen mit voller Energie in die neue Spielzeit: <strong data-start=\"322\" data-end=\"351\">Insgesamt 13 Mannschaften<\/strong> wurden f\u00fcr die Saison 2025 gemeldet \u2013 ein beeindruckendes Zeichen f\u00fcr den Zusammenhalt, die sportliche Vielfalt und das kontinuierliche Wachstum unseres Vereins.<\/p>\n<p data-start=\"515\" data-end=\"725\"><strong data-start=\"515\" data-end=\"550\">6 aktive gemischte Mannschaften<\/strong> bilden das Herzst\u00fcck des sportlichen Geschehens. Hier treffen Erfahrung, Teamgeist und Wettkampfst\u00e4rke aufeinander \u2013 bei Punktspielen, Turnieren und im regelm\u00e4\u00dfigen Training.<\/p>\n<p data-start=\"727\" data-end=\"986\">Besonders stolz sind wir auf unseren Nachwuchsbereich:<br data-start=\"781\" data-end=\"784\" \/>Mit Teams in den Altersklassen <strong data-start=\"815\" data-end=\"822\">U19<\/strong>, <strong data-start=\"824\" data-end=\"831\">U15<\/strong> und gleich <strong data-start=\"843\" data-end=\"858\">zweimal U12<\/strong> geben wir jungen Talenten die M\u00f6glichkeit, sich sportlich zu entwickeln, Techniken zu erlernen und den Teamgedanken zu erleben.<\/p>\n<p data-start=\"988\" data-end=\"1218\">Auch unsere erfahrenen Mitglieder zeigen, dass Tischtennis ein Sport f\u00fcr jedes Alter ist: <strong data-start=\"1078\" data-end=\"1096\">Zwei \u00dc40-Teams<\/strong> und <strong data-start=\"1101\" data-end=\"1124\">eine \u00dc50-Mannschaft<\/strong> sind aktiv dabei und beweisen, dass Einsatzfreude und Leidenschaft keine Altersgrenze kennen.<\/p>\n<hr data-start=\"1220\" data-end=\"1223\" \/>\n<h3 data-start=\"1225\" data-end=\"1260\"><strong data-start=\"1229\" data-end=\"1260\">Mitmachen? Jederzeit gerne!<\/strong><\/h3>\n<p data-start=\"1262\" data-end=\"1472\">Du hast Lust auf Tischtennis?<br data-start=\"1291\" data-end=\"1294\" \/>Egal ob <strong data-start=\"1302\" data-end=\"1337\">Anf\u00e4nger oder Fortgeschrittener<\/strong>, ob <strong data-start=\"1342\" data-end=\"1381\">Kind, Jugendlicher oder Erwachsener<\/strong> \u2013 bei uns ist jede*r willkommen, der Freude an Bewegung, Spiel und Gemeinschaft mitbringt.<\/p>\n<p data-start=\"1474\" data-end=\"1603\">&#x1f539; Du willst wieder einsteigen?<br data-start=\"1505\" data-end=\"1508\" \/>&#x1f539; Du suchst eine sportliche Herausforderung?<br data-start=\"1553\" data-end=\"1556\" \/>&#x1f539; Dein Kind interessiert sich f\u00fcr Tischtennis?<\/p>\n<p data-start=\"1605\" data-end=\"1676\"><strong data-start=\"1605\" data-end=\"1676\">Dann komm vorbei \u2013 lerne uns kennen und werde Teil unseres Vereins!<\/strong><\/p>\n<p>\u00a0<\/p>\n<h3>Jugendtischtennis bei den BTTF: Werde Teil unseres Teams! &#x1f389;&#x1f3d3;<\/h3>\n<p>Du liebst Sport, suchst eine spannende Herausforderung und willst Teil eines gro\u00dfartigen Teams werden? Dann bist du bei uns genau richtig! Unsere <strong>Jugendabteilung<\/strong> ist stolz darauf, in <strong>allen Altersklassen von U12 bis U19<\/strong> mit insgesamt <strong>vier Mannschaften<\/strong> vertreten zu sein. Bei uns ist <strong>jeder willkommen<\/strong>, der Lust auf Tischtennis hat \u2013 egal ob Anf\u00e4nger oder Fortgeschrittener.<\/p>\n<p><strong>Warum Tischtennis?<\/strong><br \/>Tischtennis ist mehr als nur ein Sport. Es ist Action, Konzentration und Spa\u00df in einem! Du verbesserst nicht nur deine Reaktionsf\u00e4higkeit und Koordination, sondern lernst auch Teamgeist und Durchhalteverm\u00f6gen. Au\u00dferdem warten spannende Wettk\u00e4mpfe und Freundschaften, die weit \u00fcber die Sporthalle hinausgehen.<\/p>\n<p><strong>Unser Trainingsangebot<\/strong><br \/>Wir bieten dir ein abwechslungsreiches Training, das dich Schritt f\u00fcr Schritt besser macht:<\/p>\n<ul>\n<li><strong>Dienstags, 17:00 \u2013 18:30 Uhr<\/strong><\/li>\n<li><strong>Donnerstags, 17:30 \u2013 19:00 Uhr<\/strong><\/li>\n<li>Alle zwei Wochen: <strong>Leistungstraining dienstags<\/strong> f\u00fcr alle, die noch mehr aus sich herausholen wollen!<\/li>\n<\/ul>\n<p>Unser erfahrenes Trainerteam sorgt daf\u00fcr, dass jeder \u2013 ob Anf\u00e4nger oder Profi \u2013 individuell gef\u00f6rdert wird. Bei uns steht der Spa\u00df am Spiel an erster Stelle, aber auch der sportliche Erfolg kommt nicht zu kurz.<\/p>\n<p><strong>Komm vorbei und probier es aus!<\/strong><br \/>Egal, ob du zum ersten Mal einen Schl\u00e4ger in der Hand h\u00e4ltst oder schon ein paar Tricks draufhast: Bei den <strong>Bickenalbtaler-Tischtennis-Freunden<\/strong> bist du genau richtig. Schau einfach beim Training vorbei, lerne uns kennen und werde Teil unserer wachsenden Jugendmannschaften.<\/p>\n<p><strong>Wir freuen uns auf dich!<\/strong><br \/>Gemeinsam k\u00f6nnen wir Gro\u00dfes erreichen \u2013 und vor allem jede Menge Spa\u00df haben. &#x1f3d3;&#x1f3af;<\/p>\n<p><strong>Dein Abenteuer Tischtennis beginnt hier! Komm vorbei!\u00a0<\/strong><\/p>\n<p><img loading=\"lazy\" decoding=\"async\" class=\"size-medium wp-image-750 aligncenter\" src=\"http:\/\/bttf-tt.de\/wp-content\/uploads\/2023\/12\/bttf-300x225.jpg\" alt=\"\" width=\"300\" height=\"225\" srcset=\"https:\/\/bttf-tt.de\/wp-content\/uploads\/2023\/12\/bttf-300x225.jpg 300w, https:\/\/bttf-tt.de\/wp-content\/uploads\/2023\/12\/bttf-768x576.jpg 768w, https:\/\/bttf-tt.de\/wp-content\/uploads\/2023\/12\/bttf-1024x768.jpg 1024w, https:\/\/bttf-tt.de\/wp-content\/uploads\/2023\/12\/bttf.jpg 1920w\" sizes=\"(max-width: 300px) 100vw, 300px\" \/><\/p>\n<p style=\"text-align: center;\">BTTF Zweibr\u00fccken Jugend U12<\/p>\n\n\n<p><\/p>\n","protected":false},"excerpt":{"rendered":"<p>Mit 13 Teams in die neue Saison \u2013 BTTF stellt sich stark auf Die Bickenalbtaler Tischtennisfreunde (BTTF) gehen mit voller Energie in die neue Spielzeit: Insgesamt 13 Mannschaften wurden f\u00fcr die Saison 2025 gemeldet \u2013 ein beeindruckendes Zeichen f\u00fcr den Zusammenhalt, die sportliche Vielfalt und das kontinuierliche Wachstum unseres Vereins. 6 aktive gemischte Mannschaften bilden &hellip; <\/p>\n<p class=\"link-more\"><a href=\"https:\/\/bttf-tt.de\/\" class=\"more-link\"><span class=\"screen-reader-text\">&#8220;Willkommen&#8221;<\/span> weiterlesen<\/a><\/p>\n","protected":false},"author":1,"featured_media":0,"parent":0,"menu_order":0,"comment_status":"closed","ping_status":"open","template":"","meta":{"footnotes":""},"class_list":["post-2","page","type-page","status-publish","hentry"],"_links":{"self":[{"href":"https:\/\/bttf-tt.de\/index.php?rest_route=\/wp\/v2\/pages\/2"}],"collection":[{"href":"https:\/\/bttf-tt.de\/index.php?rest_route=\/wp\/v2\/pages"}],"about":[{"href":"https:\/\/bttf-tt.de\/index.php?rest_route=\/wp\/v2\/types\/page"}],"author":[{"embeddable":true,"href":"https:\/\/bttf-tt.de\/index.php?rest_route=\/wp\/v2\/users\/1"}],"replies":[{"embeddable":true,"href":"https:\/\/bttf-tt.de\/index.php?rest_route=%2Fwp%2Fv2%2Fcomments&post=2"}],"version-history":[{"count":8,"href":"https:\/\/bttf-tt.de\/index.php?rest_route=\/wp\/v2\/pages\/2\/revisions"}],"predecessor-version":[{"id":866,"href":"https:\/\/bttf-tt.de\/index.php?rest_route=\/wp\/v2\/pages\/2\/revisions\/866"}],"wp:attachment":[{"href":"https:\/\/bttf-tt.de\/index.php?rest_route=%2Fwp%2Fv2%2Fmedia&parent=2"}],"curies":[{"name":"wp","href":"https:\/\/api.w.org\/{rel}","templated":true}]}}