{"id":31,"date":"2017-06-22T19:37:16","date_gmt":"2017-06-22T19:37:16","guid":{"rendered":"http:\/\/vanlange.de\/?page_id=31"},"modified":"2025-01-29T09:19:21","modified_gmt":"2025-01-29T09:19:21","slug":"spielbetrieb","status":"publish","type":"page","link":"https:\/\/bttf-tt.de\/?page_id=31","title":{"rendered":"Spielbetrieb"},"content":{"rendered":"\n<h3 class=\"wp-block-heading\">Unsere Tischtennis-Mannschaften \u2013 Sport, Gemeinschaft und Spa\u00df<\/h3>\n\n\n\n<p>Unser Verein bietet Tischtennis-Spielern aller Leistungsstufen die passende Mannschaft. Von der <strong>Bezirksoberliga bis zur Kreisklasse<\/strong> sind unsere aktiven Teams vertreten und schaffen ein Umfeld, in dem sowohl ambitionierte Wettkampfspieler als auch Freizeitspieler auf ihre Kosten kommen. Neben dem sportlichen Erfolg legen wir gro\u00dfen Wert auf ein <strong>funktionierendes Vereinsleben<\/strong>. Denn bei uns z\u00e4hlt nicht nur der Wettkampf \u2013 auch der <strong>Zusammenhalt<\/strong> und die <strong>Geselligkeit<\/strong> geh\u00f6ren dazu. Nach den Spielen bleibt oft noch Zeit f\u00fcr ein gem\u00fctliches Beisammensein, um gemeinsam zu fachsimpeln, Siege zu feiern oder einfach den Abend in guter Gesellschaft ausklingen zu lassen.<\/p>\n\n\n\n<p>Auch unsere <strong>Jugendarbeit<\/strong> spielt eine zentrale Rolle. Mit engagierten Trainern und einer strukturierten F\u00f6rderung bieten wir jungen Talenten die M\u00f6glichkeit, ihre F\u00e4higkeiten zu entwickeln und den Spa\u00df am Tischtennissport zu entdecken.<\/p>\n\n\n\n<p>Ob ambitionierter Spieler oder Freizeitspieler \u2013 bei uns erwartet dich <strong>ein lebendiger Verein mit sportlichem Ehrgeiz und echter Gemeinschaft<\/strong>. Schau vorbei und werde Teil unseres Teams! &#x1f3d3;<\/p>\n","protected":false},"excerpt":{"rendered":"<p>Unsere Tischtennis-Mannschaften \u2013 Sport, Gemeinschaft und Spa\u00df Unser Verein bietet Tischtennis-Spielern aller Leistungsstufen die passende Mannschaft. Von der Bezirksoberliga bis zur Kreisklasse sind unsere aktiven Teams vertreten und schaffen ein Umfeld, in dem sowohl ambitionierte Wettkampfspieler als auch Freizeitspieler auf ihre Kosten kommen. Neben dem sportlichen Erfolg legen wir gro\u00dfen Wert auf ein funktionierendes Vereinsleben. &hellip; <\/p>\n<p class=\"link-more\"><a href=\"https:\/\/bttf-tt.de\/?page_id=31\" class=\"more-link\"><span class=\"screen-reader-text\">&#8220;Spielbetrieb&#8221;<\/span> weiterlesen<\/a><\/p>\n","protected":false},"author":1,"featured_media":0,"parent":0,"menu_order":0,"comment_status":"closed","ping_status":"closed","template":"","meta":{"footnotes":""},"class_list":["post-31","page","type-page","status-publish","hentry"],"_links":{"self":[{"href":"https:\/\/bttf-tt.de\/index.php?rest_route=\/wp\/v2\/pages\/31"}],"collection":[{"href":"https:\/\/bttf-tt.de\/index.php?rest_route=\/wp\/v2\/pages"}],"about":[{"href":"https:\/\/bttf-tt.de\/index.php?rest_route=\/wp\/v2\/types\/page"}],"author":[{"embeddable":true,"href":"https:\/\/bttf-tt.de\/index.php?rest_route=\/wp\/v2\/users\/1"}],"replies":[{"embeddable":true,"href":"https:\/\/bttf-tt.de\/index.php?rest_route=%2Fwp%2Fv2%2Fcomments&post=31"}],"version-history":[{"count":2,"href":"https:\/\/bttf-tt.de\/index.php?rest_route=\/wp\/v2\/pages\/31\/revisions"}],"predecessor-version":[{"id":847,"href":"https:\/\/bttf-tt.de\/index.php?rest_route=\/wp\/v2\/pages\/31\/revisions\/847"}],"wp:attachment":[{"href":"https:\/\/bttf-tt.de\/index.php?rest_route=%2Fwp%2Fv2%2Fmedia&parent=31"}],"curies":[{"name":"wp","href":"https:\/\/api.w.org\/{rel}","templated":true}]}}