{"id":34,"date":"2017-06-22T19:37:16","date_gmt":"2017-06-22T19:37:16","guid":{"rendered":"http:\/\/vanlange.de\/?page_id=34"},"modified":"2025-01-28T11:09:33","modified_gmt":"2025-01-28T11:09:33","slug":"jugend","status":"publish","type":"page","link":"https:\/\/bttf-tt.de\/?page_id=34","title":{"rendered":"JUGEND"},"content":{"rendered":"<p>Die Jugendabteilung der BTTF Zweibr\u00fccken ist in der Saison 2024\/2025 mit mehreren Mannschaften in verschiedenen Altersklassen vertreten:<\/p>\n<ul>\n<li><strong>Jungen 19<\/strong>:\n<ul>\n<li><strong>Bezirksklasse<\/strong>: Max Konrad, Cedrik Robatsch, Jason Herrmann, Benjamin Beisch, Dennis Pink, Laura Juhasz, Torben Rauch<\/li>\n<\/ul>\n<\/li>\n<li><strong>Jungen 15<\/strong>:\n<ul>\n<li><strong>Bezirksliga<\/strong>: Anna Karcher, Finn Rana, Mirja Marczinkowsky, Lian Betz, Neal Robatsch<\/li>\n<\/ul>\n<\/li>\n<li><strong>Jungen 12 I<\/strong>:\n<ul>\n<li><strong>Bezirksliga<\/strong>: Anna Karcher, Neal Robatsch, Luis Lerke, Nick Konrad, Aaron Morgenthaler<\/li>\n<\/ul>\n<\/li>\n<\/ul>\n<ul>\n<li><strong>Jungen 12 II<\/strong>:\n<ul>\n<li><strong>Bezirksliga<\/strong>: Konstantin Metzger, Mailo Lampe, Maximilian Moser, Till Ringelmann, Ben Timm, Arik Morgenthaler, Ben Lerke<\/li>\n<\/ul>\n<\/li>\n<\/ul>\n<p>Die BTTF Zweibr\u00fccken freut sich immer \u00fcber neue Gesichter! Wir wollen Jungen und M\u00e4dchen jeden Alters f\u00fcr unseren spannenden Sport begeistern und laden alle Interessierten herzlich zu einem unverbindlichen Probetraining ein. Egal, ob Anf\u00e4nger oder Fortgeschrittener \u2013 bei uns findet jeder seinen Platz.<\/p>\n<p>Komm einfach dienstags oder donnerstags zu unserem Jugendtraining vorbei und schnuppere in unser Training hinein. Wir freuen uns darauf, dich kennenzulernen! Trainingstermine und weitere Infos findest du auf unserer Webseite.<\/p>\n<p><img loading=\"lazy\" decoding=\"async\" class=\"alignnone size-full wp-image-750\" src=\"http:\/\/bttf-tt.de\/wp-content\/uploads\/2023\/12\/bttf.jpg\" alt=\"\" width=\"1920\" height=\"1440\" srcset=\"https:\/\/bttf-tt.de\/wp-content\/uploads\/2023\/12\/bttf.jpg 1920w, https:\/\/bttf-tt.de\/wp-content\/uploads\/2023\/12\/bttf-300x225.jpg 300w, https:\/\/bttf-tt.de\/wp-content\/uploads\/2023\/12\/bttf-768x576.jpg 768w, https:\/\/bttf-tt.de\/wp-content\/uploads\/2023\/12\/bttf-1024x768.jpg 1024w\" sizes=\"(max-width: 767px) 89vw, (max-width: 1000px) 54vw, (max-width: 1071px) 543px, 580px\" \/><\/p>\n<p><strong>PTTV Pokal der Sch\u00fclerinnen am 24. M\u00e4rz 20<\/strong><strong>Halbfinale<\/strong> &#8211; VfL Duttweiler gegen TTF Rockenhausen 4:0 und TTF Frankenthal gegen BTTF Zweibr\u00fccken\u00a0 0:4<\/p>\n<p><strong>Finale<\/strong> &#8211; VfL Duttweiler gegen BTTF Zweibr\u00fccken\u00a0 4:1<\/p>\n<p>Unser Team: Finja Molter, Natalia Winitzki und Emily Sch\u00e4fer<\/p>\n<p>&#8212;&#8212;&#8212;&#8212;&#8212;&#8212;&#8212;&#8212;&#8212;&#8212;&#8212;&#8212;&#8212;&#8212;&#8212;&#8212;&#8212;&#8212;&#8212;&#8212;&#8212;&#8212;&#8212;&#8212;&#8212;&#8212;&#8212;&#8212;&#8212;&#8212;&#8212;&#8211;<\/p>\n<p>Unsere Sch\u00fclerinnen- Mannschaft ist <strong>Meister in der Bezirksliga WS<\/strong> und wird den Bezirk Westpfalz- S\u00fcd bei den Pfalz Mannschaftsmeisterschaften vertreten.<\/p>\n<p>Zum Team geh\u00f6ren: Emma Pirmann, Finja Molter, Natalia Winitzki, Emily Sch\u00e4fer<\/p>\n<p>Luna &#8211; 18.02.2019<\/p>\n<p>&#8212;&#8212;&#8212;&#8212;&#8212;&#8212;&#8212;&#8212;&#8212;&#8212;&#8212;&#8212;&#8212;&#8212;&#8212;&#8212;&#8212;&#8212;&#8212;&#8212;&#8212;&#8212;&#8212;&#8212;&#8212;&#8212;&#8212;&#8212;&#8212;&#8212;&#8212;&#8211;<\/p>\n<p><strong>Bezirkspok<\/strong><strong>al Sch\u00fclerinnen am 10. Februar 2019<\/strong><\/p>\n<p><strong>Halbfinale<\/strong><\/p>\n<p>TTC Riedelberg II &#8211; Sch\u00fclerinnen II\u00a0 0:4<\/p>\n<p>Sch\u00fclerinnen &#8211; TTC Riedelberg\u00a0 4:3<\/p>\n<p><strong>Finale<\/strong><\/p>\n<p>Sch\u00fclerinnen II &#8211; Sch\u00fclerinnen\u00a0 0:4<\/p>\n<p>Aufstellung: Sch\u00fclerinnen II &#8211; Lia-Michelle Weinert, Laura Weinert und Laura Juhasz. Sch\u00fclerinnnen: Finja Molter, Natalia Winitzki, Emily Sch\u00e4fer<\/p>\n<p>Unsere Sch\u00fclerinnen- Mannschaft wird damit am 24. M\u00e4rz 2019 den Bezirks Westpfalz- S\u00fcd in Rockenhausen vertreten.<\/p>\n<p>Luna<\/p>\n<p>&#8212;&#8212;&#8212;&#8212;&#8212;&#8212;&#8212;&#8212;&#8212;&#8212;&#8212;&#8212;&#8212;&#8212;&#8212;&#8212;&#8212;&#8212;&#8212;&#8212;&#8212;&#8212;&#8212;&#8212;&#8212;&#8212;&#8212;&#8212;&#8212;&#8211;<\/p>\n","protected":false},"excerpt":{"rendered":"<p>Die Jugendabteilung der BTTF Zweibr\u00fccken ist in der Saison 2024\/2025 mit mehreren Mannschaften in verschiedenen Altersklassen vertreten: Jungen 19: Bezirksklasse: Max Konrad, Cedrik Robatsch, Jason Herrmann, Benjamin Beisch, Dennis Pink, Laura Juhasz, Torben Rauch Jungen 15: Bezirksliga: Anna Karcher, Finn Rana, Mirja Marczinkowsky, Lian Betz, Neal Robatsch Jungen 12 I: Bezirksliga: Anna Karcher, Neal Robatsch, &hellip; <\/p>\n<p class=\"link-more\"><a href=\"https:\/\/bttf-tt.de\/?page_id=34\" class=\"more-link\"><span class=\"screen-reader-text\">&#8220;JUGEND&#8221;<\/span> weiterlesen<\/a><\/p>\n","protected":false},"author":1,"featured_media":0,"parent":0,"menu_order":0,"comment_status":"closed","ping_status":"closed","template":"","meta":{"footnotes":""},"class_list":["post-34","page","type-page","status-publish","hentry"],"_links":{"self":[{"href":"https:\/\/bttf-tt.de\/index.php?rest_route=\/wp\/v2\/pages\/34"}],"collection":[{"href":"https:\/\/bttf-tt.de\/index.php?rest_route=\/wp\/v2\/pages"}],"about":[{"href":"https:\/\/bttf-tt.de\/index.php?rest_route=\/wp\/v2\/types\/page"}],"author":[{"embeddable":true,"href":"https:\/\/bttf-tt.de\/index.php?rest_route=\/wp\/v2\/users\/1"}],"replies":[{"embeddable":true,"href":"https:\/\/bttf-tt.de\/index.php?rest_route=%2Fwp%2Fv2%2Fcomments&post=34"}],"version-history":[{"count":15,"href":"https:\/\/bttf-tt.de\/index.php?rest_route=\/wp\/v2\/pages\/34\/revisions"}],"predecessor-version":[{"id":831,"href":"https:\/\/bttf-tt.de\/index.php?rest_route=\/wp\/v2\/pages\/34\/revisions\/831"}],"wp:attachment":[{"href":"https:\/\/bttf-tt.de\/index.php?rest_route=%2Fwp%2Fv2%2Fmedia&parent=34"}],"curies":[{"name":"wp","href":"https:\/\/api.w.org\/{rel}","templated":true}]}}