{"id":5,"date":"2017-06-22T09:52:37","date_gmt":"2017-06-22T09:52:37","guid":{"rendered":"http:\/\/vanlange.de\/?page_id=5"},"modified":"2025-06-09T12:52:24","modified_gmt":"2025-06-09T12:52:24","slug":"testseite","status":"publish","type":"page","link":"https:\/\/bttf-tt.de\/?page_id=5","title":{"rendered":"News"},"content":{"rendered":"<h3><\/h3>\n<h3 data-start=\"159\" data-end=\"227\"><strong data-start=\"163\" data-end=\"227\">Mit 13 Teams in die neue Saison \u2013 BTTF stellt sich stark auf<\/strong><\/h3>\n<p data-start=\"229\" data-end=\"513\">Die Bickenalbtaler Tischtennisfreunde (BTTF) gehen mit voller Energie in die neue Spielzeit: <strong data-start=\"322\" data-end=\"351\">Insgesamt 13 Mannschaften<\/strong> wurden f\u00fcr die Saison 2025 gemeldet \u2013 ein beeindruckendes Zeichen f\u00fcr den Zusammenhalt, die sportliche Vielfalt und das kontinuierliche Wachstum unseres Vereins.<\/p>\n<p data-start=\"515\" data-end=\"725\"><strong data-start=\"515\" data-end=\"550\">6 aktive gemischte Mannschaften<\/strong> bilden das Herzst\u00fcck des sportlichen Geschehens. Hier treffen Erfahrung, Teamgeist und Wettkampfst\u00e4rke aufeinander \u2013 bei Punktspielen, Turnieren und im regelm\u00e4\u00dfigen Training.<\/p>\n<p data-start=\"727\" data-end=\"986\">Besonders stolz sind wir auf unseren Nachwuchsbereich:<br data-start=\"781\" data-end=\"784\" \/>Mit Teams in den Altersklassen <strong data-start=\"815\" data-end=\"822\">U19<\/strong>, <strong data-start=\"824\" data-end=\"831\">U15<\/strong> und gleich <strong data-start=\"843\" data-end=\"858\">zweimal U12<\/strong> geben wir jungen Talenten die M\u00f6glichkeit, sich sportlich zu entwickeln, Techniken zu erlernen und den Teamgedanken zu erleben.<\/p>\n<p data-start=\"988\" data-end=\"1218\">Auch unsere erfahrenen Mitglieder zeigen, dass Tischtennis ein Sport f\u00fcr jedes Alter ist: <strong data-start=\"1078\" data-end=\"1096\">Zwei \u00dc40-Teams<\/strong> und <strong data-start=\"1101\" data-end=\"1124\">eine \u00dc50-Mannschaft<\/strong> sind aktiv dabei und beweisen, dass Einsatzfreude und Leidenschaft keine Altersgrenze kennen.<\/p>\n<hr data-start=\"1220\" data-end=\"1223\" \/>\n<h3 data-start=\"1225\" data-end=\"1260\"><strong data-start=\"1229\" data-end=\"1260\">Mitmachen? Jederzeit gerne!<\/strong><\/h3>\n<p data-start=\"1262\" data-end=\"1472\">Du hast Lust auf Tischtennis?<br data-start=\"1291\" data-end=\"1294\" \/>Egal ob <strong data-start=\"1302\" data-end=\"1337\">Anf\u00e4nger oder Fortgeschrittener<\/strong>, ob <strong data-start=\"1342\" data-end=\"1381\">Kind, Jugendlicher oder Erwachsener<\/strong> \u2013 bei uns ist jede*r willkommen, der Freude an Bewegung, Spiel und Gemeinschaft mitbringt.<\/p>\n<p data-start=\"1474\" data-end=\"1603\">&#x1f539; Du willst wieder einsteigen?<br data-start=\"1505\" data-end=\"1508\" \/>&#x1f539; Du suchst eine sportliche Herausforderung?<br data-start=\"1553\" data-end=\"1556\" \/>&#x1f539; Dein Kind interessiert sich f\u00fcr Tischtennis?<\/p>\n<p data-start=\"1605\" data-end=\"1676\"><strong data-start=\"1605\" data-end=\"1676\">Dann komm vorbei \u2013 lerne uns kennen und werde Teil unseres Vereins!<\/strong><\/p>\n<h3><\/h3>\n<h3>Tischtennis-Lehrgang 2025: Unser Highlight f\u00fcr Sportbegeisterte<\/h3>\n<p>Vom 28. Februar bis zum 2. M\u00e4rz 2025 wird Zweibr\u00fccken zum Zentrum f\u00fcr Tischtennis-Enthusiasten! Unser Verein, die <strong>Bickenalbtaler-Tischtennis-Freunde (BTTF)<\/strong>, l\u00e4dt Spielerinnen und Spieler aller Altersgruppen und Erfahrungsstufen zu einem besonderen Lehrgang in die Sporthalle der Albert-Schweitzer-Schule ein.<\/p>\n<p><strong>Was macht den Lehrgang so besonders?<\/strong><br \/>\nWir freuen uns, zwei hochkar\u00e4tige Trainer zu begr\u00fc\u00dfen: Alf Knutsson, der Jugendtrainer von Tischtennis-Legenden wie J.-O. Waldner und Mikael Appelgren, sowie Ralf Wilhelm, erfahrener Honorartrainer mit zahlreichen Lizenzen und Expertise im Gesundheits- und Leistungssport. Gemeinsam bieten sie ein intensives Training, das Technik, Taktik und Theorie auf h\u00f6chstem Niveau kombiniert \u2013 inklusive Videoanalysen zur Verbesserung des Spiels.<\/p>\n<p><strong>F\u00fcr wen ist der Lehrgang geeignet?<\/strong><br \/>\nMitmachen kann jeder ab 6 Jahren \u2013 unabh\u00e4ngig vom Spielniveau. Es werden Trainingsgruppen entsprechend der Spielst\u00e4rke gebildet, um jedem Teilnehmer ein optimales Lernerlebnis zu bieten. Spieler unter 14 Jahren ben\u00f6tigen eine Begleitperson oder eine vorherige Absprache. Wichtig ist nur: Lust auf Tischtennis und ein guter Gesundheitszustand!<\/p>\n<p><strong>Unser Programm<\/strong><br \/>\nVon Freitagabend bis Sonntagnachmittag erwartet die Teilnehmer ein abwechslungsreicher Mix aus Trainingseinheiten, Theorie und spannenden Einblicken in die Welt des Tischtennissports. Dabei bleibt auch Zeit f\u00fcr den Austausch untereinander \u2013 und wer wei\u00df, vielleicht entsteht dabei die n\u00e4chste Erfolgsgeschichte?<\/p>\n<p><strong>Jetzt anmelden!<\/strong><br \/>\nDer Lehrgang kostet 100 Euro, die Verpflegung organisiert jeder selbst. Die Teilnehmerzahl ist auf 14 Personen begrenzt \u2013 also schnell anmelden und einen Platz sichern!<br \/>\nKontakt: Ralf Wilhelm, Tel.: +49 (0)151 19104307, E-Mail: <a rel=\"noopener\">tischtennis@rs-wilhelm.de<\/a><\/p>\n<p>Unser Verein freut sich darauf, alle Tischtennisbegeisterten in Zweibr\u00fccken willkommen zu hei\u00dfen. Lasst uns gemeinsam ein unvergessliches Wochenende gestalten!<\/p>\n<p><img loading=\"lazy\" decoding=\"async\" class=\"wp-image-823 aligncenter\" src=\"http:\/\/bttf-tt.de\/wp-content\/uploads\/2025\/01\/Lehrgang-02-2025.png\" alt=\"\" width=\"680\" height=\"941\" srcset=\"https:\/\/bttf-tt.de\/wp-content\/uploads\/2025\/01\/Lehrgang-02-2025.png 607w, https:\/\/bttf-tt.de\/wp-content\/uploads\/2025\/01\/Lehrgang-02-2025-217x300.png 217w\" sizes=\"(max-width: 680px) 100vw, 680px\" \/><\/p>\n","protected":false},"excerpt":{"rendered":"<p>Mit 13 Teams in die neue Saison \u2013 BTTF stellt sich stark auf Die Bickenalbtaler Tischtennisfreunde (BTTF) gehen mit voller Energie in die neue Spielzeit: Insgesamt 13 Mannschaften wurden f\u00fcr die Saison 2025 gemeldet \u2013 ein beeindruckendes Zeichen f\u00fcr den Zusammenhalt, die sportliche Vielfalt und das kontinuierliche Wachstum unseres Vereins. 6 aktive gemischte Mannschaften bilden &hellip; <\/p>\n<p class=\"link-more\"><a href=\"https:\/\/bttf-tt.de\/?page_id=5\" class=\"more-link\"><span class=\"screen-reader-text\">&#8220;News&#8221;<\/span> weiterlesen<\/a><\/p>\n","protected":false},"author":1,"featured_media":0,"parent":0,"menu_order":0,"comment_status":"closed","ping_status":"closed","template":"","meta":{"footnotes":""},"class_list":["post-5","page","type-page","status-publish","hentry"],"_links":{"self":[{"href":"https:\/\/bttf-tt.de\/index.php?rest_route=\/wp\/v2\/pages\/5"}],"collection":[{"href":"https:\/\/bttf-tt.de\/index.php?rest_route=\/wp\/v2\/pages"}],"about":[{"href":"https:\/\/bttf-tt.de\/index.php?rest_route=\/wp\/v2\/types\/page"}],"author":[{"embeddable":true,"href":"https:\/\/bttf-tt.de\/index.php?rest_route=\/wp\/v2\/users\/1"}],"replies":[{"embeddable":true,"href":"https:\/\/bttf-tt.de\/index.php?rest_route=%2Fwp%2Fv2%2Fcomments&post=5"}],"version-history":[{"count":197,"href":"https:\/\/bttf-tt.de\/index.php?rest_route=\/wp\/v2\/pages\/5\/revisions"}],"predecessor-version":[{"id":865,"href":"https:\/\/bttf-tt.de\/index.php?rest_route=\/wp\/v2\/pages\/5\/revisions\/865"}],"wp:attachment":[{"href":"https:\/\/bttf-tt.de\/index.php?rest_route=%2Fwp%2Fv2%2Fmedia&parent=5"}],"curies":[{"name":"wp","href":"https:\/\/api.w.org\/{rel}","templated":true}]}}